{"id":2,"date":"2010-06-06T20:14:20","date_gmt":"2010-06-06T18:14:20","guid":{"rendered":"http:\/\/www.oase-versand.de\/schmucker\/wordpress\/?page_id=2"},"modified":"2024-02-03T16:59:09","modified_gmt":"2024-02-03T15:59:09","slug":"herzlich-willkommen","status":"publish","type":"page","link":"https:\/\/www.oase-versand.de\/schmucker\/wordpress\/","title":{"rendered":"Herzlich willkommen!"},"content":{"rendered":"<p>Guten Tag!<\/p>\n<p>Willkommen auf der Homepage der Familie Schmucker &#8211; ohne pers\u00f6nliche Zugangsdaten werden Sie auf dieser rein privaten Seite allerdings wenig sehen k\u00f6nnen&#8230;<\/p>\n<p>Aber was wir zeigen k\u00f6nnen ist die Innenansicht unseres Nistkastens &#8211; im Moment haben sich hier Sperlinge im neuen Zuhause niedergelassen.<\/p>\n<p><iframe loading=\"lazy\" title=\"YouTube video player\" src=\"https:\/\/www.youtube-nocookie.com\/embed\/V7A4xB2BzQM?si=ZyaUZxnGRKS2gWfs\" width=\"560\" height=\"315\" frameborder=\"0\" allowfullscreen=\"allowfullscreen\"><\/iframe><\/p>\n","protected":false},"excerpt":{"rendered":"<p>Guten Tag! Willkommen auf der Homepage der Familie Schmucker &#8211; ohne pers\u00f6nliche Zugangsdaten werden Sie auf dieser rein privaten Seite allerdings wenig sehen k\u00f6nnen&#8230; Aber was wir zeigen k\u00f6nnen ist die Innenansicht unseres Nistkastens &#8211; im Moment haben sich hier Sperlinge im neuen Zuhause niedergelassen.<\/p>\n","protected":false},"author":4,"featured_media":0,"parent":0,"menu_order":0,"comment_status":"closed","ping_status":"closed","template":"","meta":{"footnotes":""},"categories":[1],"tags":[],"class_list":["post-2","page","type-page","status-publish","hentry","category-allgemein"],"_links":{"self":[{"href":"https:\/\/www.oase-versand.de\/schmucker\/wordpress\/index.php?rest_route=\/wp\/v2\/pages\/2","targetHints":{"allow":["GET"]}}],"collection":[{"href":"https:\/\/www.oase-versand.de\/schmucker\/wordpress\/index.php?rest_route=\/wp\/v2\/pages"}],"about":[{"href":"https:\/\/www.oase-versand.de\/schmucker\/wordpress\/index.php?rest_route=\/wp\/v2\/types\/page"}],"author":[{"embeddable":true,"href":"https:\/\/www.oase-versand.de\/schmucker\/wordpress\/index.php?rest_route=\/wp\/v2\/users\/4"}],"replies":[{"embeddable":true,"href":"https:\/\/www.oase-versand.de\/schmucker\/wordpress\/index.php?rest_route=%2Fwp%2Fv2%2Fcomments&post=2"}],"version-history":[{"count":13,"href":"https:\/\/www.oase-versand.de\/schmucker\/wordpress\/index.php?rest_route=\/wp\/v2\/pages\/2\/revisions"}],"predecessor-version":[{"id":525,"href":"https:\/\/www.oase-versand.de\/schmucker\/wordpress\/index.php?rest_route=\/wp\/v2\/pages\/2\/revisions\/525"}],"wp:attachment":[{"href":"https:\/\/www.oase-versand.de\/schmucker\/wordpress\/index.php?rest_route=%2Fwp%2Fv2%2Fmedia&parent=2"}],"wp:term":[{"taxonomy":"category","embeddable":true,"href":"https:\/\/www.oase-versand.de\/schmucker\/wordpress\/index.php?rest_route=%2Fwp%2Fv2%2Fcategories&post=2"},{"taxonomy":"post_tag","embeddable":true,"href":"https:\/\/www.oase-versand.de\/schmucker\/wordpress\/index.php?rest_route=%2Fwp%2Fv2%2Ftags&post=2"}],"curies":[{"name":"wp","href":"https:\/\/api.w.org\/{rel}","templated":true}]}}